{"id":737,"date":"2022-11-28T11:01:03","date_gmt":"2022-11-28T11:01:03","guid":{"rendered":"https:\/\/cano.com.co\/nueva\/?page_id=737"},"modified":"2023-01-31T22:21:39","modified_gmt":"2023-01-31T22:21:39","slug":"jose-castano","status":"publish","type":"page","link":"https:\/\/cano.com.co\/nueva\/leadership\/jose-castano\/","title":{"rendered":"Jose Casta\u00f1o"},"content":{"rendered":"<div class=\"wpb-content-wrapper\"><p>[vc_row full_width=&#8221;stretch_row_content_no_spaces&#8221; disable_element=&#8221;yes&#8221;][vc_column][rev_slider_vc alias=&#8221;About_Personal_Slider&#8221;][\/vc_column][\/vc_row][vc_row css=&#8221;.vc_custom_1669632131693{margin-top: 80px !important;}&#8221;][vc_column width=&#8221;2\/3&#8243;][vc_column_text]<\/p>\n<h1>Mauricio Montiel<\/h1>\n<h3>Director de Producci\u00f3n Audiovisual<\/h3>\n<p>[\/vc_column_text][vc_column_text]Dise\u00f1ador gr\u00e1fico y editor\/animador senior con m\u00e1s de 20 a\u00f1os de experiencia Mauricio se encarga de las animaciones y el motion graphics del equipo creativo de Cano Agencia Creativa.<\/p>\n<p>Cuenta con grandes habilidades en la animaci\u00f3n tradicional tanto 2D como 3D, logrando transmitir un mensaje claro y efectivo en las producciones audiovisuales de cualquier tipo de proyecto multimedia, brindando una experiencia coherente para el usuario, trabajando desde la mezcla de audio, material de video y animaci\u00f3n para lograr un objetivo com\u00fan e impactar al usuario de forma efectiva.<\/p>\n<p><b>Clientes<\/b> <b>Destacados<\/b><b>:<\/b><\/p>\n<p>S\u00e1ndwich Qbano, Alcald\u00eda de Cali, Centro Comercial La Pasarela, Universidad Del Valle, Fundaci\u00f3n Pantano.[\/vc_column_text][\/vc_column][vc_column width=&#8221;1\/3&#8243;][vc_single_image image=&#8221;599&#8243; img_size=&#8221;full&#8221;][\/vc_column][\/vc_row]<\/p>\n<\/div>","protected":false},"excerpt":{"rendered":"<p>[vc_row full_width=&#8221;stretch_row_content_no_spaces&#8221; disable_element=&#8221;yes&#8221;][vc_column][rev_slider_vc alias=&#8221;About_Personal_Slider&#8221;][\/vc_column][\/vc_row][vc_row css=&#8221;.vc_custom_1669632131693{margin-top: 80px !important;}&#8221;][vc_column width=&#8221;2\/3&#8243;][vc_column_text] Mauricio Montiel Director de Producci\u00f3n Audiovisual [\/vc_column_text][vc_column_text]Dise\u00f1ador gr\u00e1fico y editor\/animador senior con [&hellip;]<\/p>\n","protected":false},"author":3,"featured_media":0,"parent":16,"menu_order":0,"comment_status":"open","ping_status":"closed","template":"","meta":{"footnotes":""},"class_list":["post-737","page","type-page","status-publish","hentry"],"yoast_head":"<!-- This site is optimized with the Yoast SEO plugin v27.5 - https:\/\/yoast.com\/product\/yoast-seo-wordpress\/ -->\n<title>Jose Casta\u00f1o - Welcome<\/title>\n<meta name=\"robots\" content=\"index, follow, max-snippet:-1, max-image-preview:large, max-video-preview:-1\" \/>\n<link rel=\"canonical\" href=\"https:\/\/cano.com.co\/nueva\/leadership\/jose-castano\/\" \/>\n<meta property=\"og:locale\" content=\"es_ES\" \/>\n<meta property=\"og:type\" content=\"article\" \/>\n<meta property=\"og:title\" content=\"Jose Casta\u00f1o - Welcome\" \/>\n<meta property=\"og:description\" content=\"[vc_row full_width=&#8221;stretch_row_content_no_spaces&#8221; disable_element=&#8221;yes&#8221;][vc_column][rev_slider_vc alias=&#8221;About_Personal_Slider&#8221;][\/vc_column][\/vc_row][vc_row css=&#8221;.vc_custom_1669632131693{margin-top: 80px !important;}&#8221;][vc_column width=&#8221;2\/3&#8243;][vc_column_text] Mauricio Montiel Director de Producci\u00f3n Audiovisual [\/vc_column_text][vc_column_text]Dise\u00f1ador gr\u00e1fico y editor\/animador senior con [&hellip;]\" \/>\n<meta property=\"og:url\" content=\"https:\/\/cano.com.co\/nueva\/leadership\/jose-castano\/\" \/>\n<meta property=\"og:site_name\" content=\"Welcome\" \/>\n<meta property=\"article:modified_time\" content=\"2023-01-31T22:21:39+00:00\" \/>\n<meta name=\"twitter:card\" content=\"summary_large_image\" \/>\n<meta name=\"twitter:label1\" content=\"Tiempo de lectura\" \/>\n\t<meta name=\"twitter:data1\" content=\"1 minuto\" \/>\n<script type=\"application\/ld+json\" class=\"yoast-schema-graph\">{\"@context\":\"https:\\\/\\\/schema.org\",\"@graph\":[{\"@type\":\"WebPage\",\"@id\":\"https:\\\/\\\/cano.com.co\\\/nueva\\\/leadership\\\/jose-castano\\\/\",\"url\":\"https:\\\/\\\/cano.com.co\\\/nueva\\\/leadership\\\/jose-castano\\\/\",\"name\":\"Jose Casta\u00f1o - Welcome\",\"isPartOf\":{\"@id\":\"http:\\\/\\\/cano.com.co\\\/nueva\\\/#website\"},\"datePublished\":\"2022-11-28T11:01:03+00:00\",\"dateModified\":\"2023-01-31T22:21:39+00:00\",\"breadcrumb\":{\"@id\":\"https:\\\/\\\/cano.com.co\\\/nueva\\\/leadership\\\/jose-castano\\\/#breadcrumb\"},\"inLanguage\":\"es-CO\",\"potentialAction\":[{\"@type\":\"ReadAction\",\"target\":[\"https:\\\/\\\/cano.com.co\\\/nueva\\\/leadership\\\/jose-castano\\\/\"]}]},{\"@type\":\"BreadcrumbList\",\"@id\":\"https:\\\/\\\/cano.com.co\\\/nueva\\\/leadership\\\/jose-castano\\\/#breadcrumb\",\"itemListElement\":[{\"@type\":\"ListItem\",\"position\":1,\"name\":\"Home\",\"item\":\"https:\\\/\\\/cano.com.co\\\/nueva\\\/\"},{\"@type\":\"ListItem\",\"position\":2,\"name\":\"Leadership\",\"item\":\"https:\\\/\\\/cano.com.co\\\/nueva\\\/leadership\\\/\"},{\"@type\":\"ListItem\",\"position\":3,\"name\":\"Jose Casta\u00f1o\"}]},{\"@type\":\"WebSite\",\"@id\":\"http:\\\/\\\/cano.com.co\\\/nueva\\\/#website\",\"url\":\"http:\\\/\\\/cano.com.co\\\/nueva\\\/\",\"name\":\"Welcome\",\"description\":\"\",\"potentialAction\":[{\"@type\":\"SearchAction\",\"target\":{\"@type\":\"EntryPoint\",\"urlTemplate\":\"http:\\\/\\\/cano.com.co\\\/nueva\\\/?s={search_term_string}\"},\"query-input\":{\"@type\":\"PropertyValueSpecification\",\"valueRequired\":true,\"valueName\":\"search_term_string\"}}],\"inLanguage\":\"es-CO\"}]}<\/script>\n<!-- \/ Yoast SEO plugin. -->","yoast_head_json":{"title":"Jose Casta\u00f1o - Welcome","robots":{"index":"index","follow":"follow","max-snippet":"max-snippet:-1","max-image-preview":"max-image-preview:large","max-video-preview":"max-video-preview:-1"},"canonical":"https:\/\/cano.com.co\/nueva\/leadership\/jose-castano\/","og_locale":"es_ES","og_type":"article","og_title":"Jose Casta\u00f1o - Welcome","og_description":"[vc_row full_width=&#8221;stretch_row_content_no_spaces&#8221; disable_element=&#8221;yes&#8221;][vc_column][rev_slider_vc alias=&#8221;About_Personal_Slider&#8221;][\/vc_column][\/vc_row][vc_row css=&#8221;.vc_custom_1669632131693{margin-top: 80px !important;}&#8221;][vc_column width=&#8221;2\/3&#8243;][vc_column_text] Mauricio Montiel Director de Producci\u00f3n Audiovisual [\/vc_column_text][vc_column_text]Dise\u00f1ador gr\u00e1fico y editor\/animador senior con [&hellip;]","og_url":"https:\/\/cano.com.co\/nueva\/leadership\/jose-castano\/","og_site_name":"Welcome","article_modified_time":"2023-01-31T22:21:39+00:00","twitter_card":"summary_large_image","twitter_misc":{"Tiempo de lectura":"1 minuto"},"schema":{"@context":"https:\/\/schema.org","@graph":[{"@type":"WebPage","@id":"https:\/\/cano.com.co\/nueva\/leadership\/jose-castano\/","url":"https:\/\/cano.com.co\/nueva\/leadership\/jose-castano\/","name":"Jose Casta\u00f1o - Welcome","isPartOf":{"@id":"http:\/\/cano.com.co\/nueva\/#website"},"datePublished":"2022-11-28T11:01:03+00:00","dateModified":"2023-01-31T22:21:39+00:00","breadcrumb":{"@id":"https:\/\/cano.com.co\/nueva\/leadership\/jose-castano\/#breadcrumb"},"inLanguage":"es-CO","potentialAction":[{"@type":"ReadAction","target":["https:\/\/cano.com.co\/nueva\/leadership\/jose-castano\/"]}]},{"@type":"BreadcrumbList","@id":"https:\/\/cano.com.co\/nueva\/leadership\/jose-castano\/#breadcrumb","itemListElement":[{"@type":"ListItem","position":1,"name":"Home","item":"https:\/\/cano.com.co\/nueva\/"},{"@type":"ListItem","position":2,"name":"Leadership","item":"https:\/\/cano.com.co\/nueva\/leadership\/"},{"@type":"ListItem","position":3,"name":"Jose Casta\u00f1o"}]},{"@type":"WebSite","@id":"http:\/\/cano.com.co\/nueva\/#website","url":"http:\/\/cano.com.co\/nueva\/","name":"Welcome","description":"","potentialAction":[{"@type":"SearchAction","target":{"@type":"EntryPoint","urlTemplate":"http:\/\/cano.com.co\/nueva\/?s={search_term_string}"},"query-input":{"@type":"PropertyValueSpecification","valueRequired":true,"valueName":"search_term_string"}}],"inLanguage":"es-CO"}]}},"jetpack_sharing_enabled":true,"_links":{"self":[{"href":"https:\/\/cano.com.co\/nueva\/wp-json\/wp\/v2\/pages\/737","targetHints":{"allow":["GET"]}}],"collection":[{"href":"https:\/\/cano.com.co\/nueva\/wp-json\/wp\/v2\/pages"}],"about":[{"href":"https:\/\/cano.com.co\/nueva\/wp-json\/wp\/v2\/types\/page"}],"author":[{"embeddable":true,"href":"https:\/\/cano.com.co\/nueva\/wp-json\/wp\/v2\/users\/3"}],"replies":[{"embeddable":true,"href":"https:\/\/cano.com.co\/nueva\/wp-json\/wp\/v2\/comments?post=737"}],"version-history":[{"count":4,"href":"https:\/\/cano.com.co\/nueva\/wp-json\/wp\/v2\/pages\/737\/revisions"}],"predecessor-version":[{"id":755,"href":"https:\/\/cano.com.co\/nueva\/wp-json\/wp\/v2\/pages\/737\/revisions\/755"}],"up":[{"embeddable":true,"href":"https:\/\/cano.com.co\/nueva\/wp-json\/wp\/v2\/pages\/16"}],"wp:attachment":[{"href":"https:\/\/cano.com.co\/nueva\/wp-json\/wp\/v2\/media?parent=737"}],"curies":[{"name":"wp","href":"https:\/\/api.w.org\/{rel}","templated":true}]}}