{"id":734,"date":"2022-11-28T10:59:45","date_gmt":"2022-11-28T10:59:45","guid":{"rendered":"https:\/\/cano.com.co\/nueva\/?page_id=734"},"modified":"2023-01-31T22:26:26","modified_gmt":"2023-01-31T22:26:26","slug":"daniela-valdivieso","status":"publish","type":"page","link":"https:\/\/cano.com.co\/nueva\/leadership\/daniela-valdivieso\/","title":{"rendered":"Daniela Valdivieso"},"content":{"rendered":"<div class=\"wpb-content-wrapper\"><p>[vc_row full_width=&#8221;stretch_row_content_no_spaces&#8221; disable_element=&#8221;yes&#8221;][vc_column][rev_slider_vc alias=&#8221;About_Personal_Slider&#8221;][\/vc_column][\/vc_row][vc_row css=&#8221;.vc_custom_1669632131693{margin-top: 80px !important;}&#8221;][vc_column width=&#8221;2\/3&#8243;][vc_column_text]<\/p>\n<h1>Daniela Valdivieso<\/h1>\n<h3>Coordinadora Digital<\/h3>\n<p>[\/vc_column_text][vc_column_text]Daniela cuenta con un amplio conocimiento y experiencia en el \u00e1mbito de la comunicaci\u00f3n, administraci\u00f3n de ecosistemas digitales y redes sociales, lidera la producci\u00f3n de mensajes pertinentes para llegar con precisi\u00f3n al grupo objetivo de nuestros clientes.<\/p>\n<p>Sus cualidades como la organizaci\u00f3n, dedicaci\u00f3n y estricta atenci\u00f3n al detalle proporciona estructuras concretas a todos los procesos de comunicaci\u00f3n interna y externa de la compa\u00f1\u00eda.<\/p>\n<p><b>Clientes<\/b> <b>Destacados<\/b><b>:<\/b><\/p>\n<p>Am\u00e9rica de Cali, La Monta\u00f1a Agromercados, Izi movie, Campofert, Dra. Lina Giraldo Pediatra, CCCS &#8211; Consejo Colombiano de Construcci\u00f3n Sostenible, Gloria H.[\/vc_column_text][\/vc_column][vc_column width=&#8221;1\/3&#8243;][vc_single_image image=&#8221;603&#8243; img_size=&#8221;full&#8221;][\/vc_column][\/vc_row]<\/p>\n<\/div>","protected":false},"excerpt":{"rendered":"<p>[vc_row full_width=&#8221;stretch_row_content_no_spaces&#8221; disable_element=&#8221;yes&#8221;][vc_column][rev_slider_vc alias=&#8221;About_Personal_Slider&#8221;][\/vc_column][\/vc_row][vc_row css=&#8221;.vc_custom_1669632131693{margin-top: 80px !important;}&#8221;][vc_column width=&#8221;2\/3&#8243;][vc_column_text] Daniela Valdivieso Coordinadora Digital [\/vc_column_text][vc_column_text]Daniela cuenta con un amplio conocimiento y experiencia [&hellip;]<\/p>\n","protected":false},"author":3,"featured_media":0,"parent":16,"menu_order":0,"comment_status":"open","ping_status":"closed","template":"","meta":{"footnotes":""},"class_list":["post-734","page","type-page","status-publish","hentry"],"yoast_head":"<!-- This site is optimized with the Yoast SEO plugin v27.5 - https:\/\/yoast.com\/product\/yoast-seo-wordpress\/ -->\n<title>Daniela Valdivieso - Welcome<\/title>\n<meta name=\"robots\" content=\"index, follow, max-snippet:-1, max-image-preview:large, max-video-preview:-1\" \/>\n<link rel=\"canonical\" href=\"https:\/\/cano.com.co\/nueva\/leadership\/daniela-valdivieso\/\" \/>\n<meta property=\"og:locale\" content=\"es_ES\" \/>\n<meta property=\"og:type\" content=\"article\" \/>\n<meta property=\"og:title\" content=\"Daniela Valdivieso - Welcome\" \/>\n<meta property=\"og:description\" content=\"[vc_row full_width=&#8221;stretch_row_content_no_spaces&#8221; disable_element=&#8221;yes&#8221;][vc_column][rev_slider_vc alias=&#8221;About_Personal_Slider&#8221;][\/vc_column][\/vc_row][vc_row css=&#8221;.vc_custom_1669632131693{margin-top: 80px !important;}&#8221;][vc_column width=&#8221;2\/3&#8243;][vc_column_text] Daniela Valdivieso Coordinadora Digital [\/vc_column_text][vc_column_text]Daniela cuenta con un amplio conocimiento y experiencia [&hellip;]\" \/>\n<meta property=\"og:url\" content=\"https:\/\/cano.com.co\/nueva\/leadership\/daniela-valdivieso\/\" \/>\n<meta property=\"og:site_name\" content=\"Welcome\" \/>\n<meta property=\"article:modified_time\" content=\"2023-01-31T22:26:26+00:00\" \/>\n<meta name=\"twitter:card\" content=\"summary_large_image\" \/>\n<meta name=\"twitter:label1\" content=\"Tiempo de lectura\" \/>\n\t<meta name=\"twitter:data1\" content=\"1 minuto\" \/>\n<script type=\"application\/ld+json\" class=\"yoast-schema-graph\">{\"@context\":\"https:\\\/\\\/schema.org\",\"@graph\":[{\"@type\":\"WebPage\",\"@id\":\"https:\\\/\\\/cano.com.co\\\/nueva\\\/leadership\\\/daniela-valdivieso\\\/\",\"url\":\"https:\\\/\\\/cano.com.co\\\/nueva\\\/leadership\\\/daniela-valdivieso\\\/\",\"name\":\"Daniela Valdivieso - Welcome\",\"isPartOf\":{\"@id\":\"http:\\\/\\\/cano.com.co\\\/nueva\\\/#website\"},\"datePublished\":\"2022-11-28T10:59:45+00:00\",\"dateModified\":\"2023-01-31T22:26:26+00:00\",\"breadcrumb\":{\"@id\":\"https:\\\/\\\/cano.com.co\\\/nueva\\\/leadership\\\/daniela-valdivieso\\\/#breadcrumb\"},\"inLanguage\":\"es-CO\",\"potentialAction\":[{\"@type\":\"ReadAction\",\"target\":[\"https:\\\/\\\/cano.com.co\\\/nueva\\\/leadership\\\/daniela-valdivieso\\\/\"]}]},{\"@type\":\"BreadcrumbList\",\"@id\":\"https:\\\/\\\/cano.com.co\\\/nueva\\\/leadership\\\/daniela-valdivieso\\\/#breadcrumb\",\"itemListElement\":[{\"@type\":\"ListItem\",\"position\":1,\"name\":\"Home\",\"item\":\"https:\\\/\\\/cano.com.co\\\/nueva\\\/\"},{\"@type\":\"ListItem\",\"position\":2,\"name\":\"Leadership\",\"item\":\"https:\\\/\\\/cano.com.co\\\/nueva\\\/leadership\\\/\"},{\"@type\":\"ListItem\",\"position\":3,\"name\":\"Daniela Valdivieso\"}]},{\"@type\":\"WebSite\",\"@id\":\"http:\\\/\\\/cano.com.co\\\/nueva\\\/#website\",\"url\":\"http:\\\/\\\/cano.com.co\\\/nueva\\\/\",\"name\":\"Welcome\",\"description\":\"\",\"potentialAction\":[{\"@type\":\"SearchAction\",\"target\":{\"@type\":\"EntryPoint\",\"urlTemplate\":\"http:\\\/\\\/cano.com.co\\\/nueva\\\/?s={search_term_string}\"},\"query-input\":{\"@type\":\"PropertyValueSpecification\",\"valueRequired\":true,\"valueName\":\"search_term_string\"}}],\"inLanguage\":\"es-CO\"}]}<\/script>\n<!-- \/ Yoast SEO plugin. -->","yoast_head_json":{"title":"Daniela Valdivieso - Welcome","robots":{"index":"index","follow":"follow","max-snippet":"max-snippet:-1","max-image-preview":"max-image-preview:large","max-video-preview":"max-video-preview:-1"},"canonical":"https:\/\/cano.com.co\/nueva\/leadership\/daniela-valdivieso\/","og_locale":"es_ES","og_type":"article","og_title":"Daniela Valdivieso - Welcome","og_description":"[vc_row full_width=&#8221;stretch_row_content_no_spaces&#8221; disable_element=&#8221;yes&#8221;][vc_column][rev_slider_vc alias=&#8221;About_Personal_Slider&#8221;][\/vc_column][\/vc_row][vc_row css=&#8221;.vc_custom_1669632131693{margin-top: 80px !important;}&#8221;][vc_column width=&#8221;2\/3&#8243;][vc_column_text] Daniela Valdivieso Coordinadora Digital [\/vc_column_text][vc_column_text]Daniela cuenta con un amplio conocimiento y experiencia [&hellip;]","og_url":"https:\/\/cano.com.co\/nueva\/leadership\/daniela-valdivieso\/","og_site_name":"Welcome","article_modified_time":"2023-01-31T22:26:26+00:00","twitter_card":"summary_large_image","twitter_misc":{"Tiempo de lectura":"1 minuto"},"schema":{"@context":"https:\/\/schema.org","@graph":[{"@type":"WebPage","@id":"https:\/\/cano.com.co\/nueva\/leadership\/daniela-valdivieso\/","url":"https:\/\/cano.com.co\/nueva\/leadership\/daniela-valdivieso\/","name":"Daniela Valdivieso - Welcome","isPartOf":{"@id":"http:\/\/cano.com.co\/nueva\/#website"},"datePublished":"2022-11-28T10:59:45+00:00","dateModified":"2023-01-31T22:26:26+00:00","breadcrumb":{"@id":"https:\/\/cano.com.co\/nueva\/leadership\/daniela-valdivieso\/#breadcrumb"},"inLanguage":"es-CO","potentialAction":[{"@type":"ReadAction","target":["https:\/\/cano.com.co\/nueva\/leadership\/daniela-valdivieso\/"]}]},{"@type":"BreadcrumbList","@id":"https:\/\/cano.com.co\/nueva\/leadership\/daniela-valdivieso\/#breadcrumb","itemListElement":[{"@type":"ListItem","position":1,"name":"Home","item":"https:\/\/cano.com.co\/nueva\/"},{"@type":"ListItem","position":2,"name":"Leadership","item":"https:\/\/cano.com.co\/nueva\/leadership\/"},{"@type":"ListItem","position":3,"name":"Daniela Valdivieso"}]},{"@type":"WebSite","@id":"http:\/\/cano.com.co\/nueva\/#website","url":"http:\/\/cano.com.co\/nueva\/","name":"Welcome","description":"","potentialAction":[{"@type":"SearchAction","target":{"@type":"EntryPoint","urlTemplate":"http:\/\/cano.com.co\/nueva\/?s={search_term_string}"},"query-input":{"@type":"PropertyValueSpecification","valueRequired":true,"valueName":"search_term_string"}}],"inLanguage":"es-CO"}]}},"jetpack_sharing_enabled":true,"_links":{"self":[{"href":"https:\/\/cano.com.co\/nueva\/wp-json\/wp\/v2\/pages\/734","targetHints":{"allow":["GET"]}}],"collection":[{"href":"https:\/\/cano.com.co\/nueva\/wp-json\/wp\/v2\/pages"}],"about":[{"href":"https:\/\/cano.com.co\/nueva\/wp-json\/wp\/v2\/types\/page"}],"author":[{"embeddable":true,"href":"https:\/\/cano.com.co\/nueva\/wp-json\/wp\/v2\/users\/3"}],"replies":[{"embeddable":true,"href":"https:\/\/cano.com.co\/nueva\/wp-json\/wp\/v2\/comments?post=734"}],"version-history":[{"count":5,"href":"https:\/\/cano.com.co\/nueva\/wp-json\/wp\/v2\/pages\/734\/revisions"}],"predecessor-version":[{"id":757,"href":"https:\/\/cano.com.co\/nueva\/wp-json\/wp\/v2\/pages\/734\/revisions\/757"}],"up":[{"embeddable":true,"href":"https:\/\/cano.com.co\/nueva\/wp-json\/wp\/v2\/pages\/16"}],"wp:attachment":[{"href":"https:\/\/cano.com.co\/nueva\/wp-json\/wp\/v2\/media?parent=734"}],"curies":[{"name":"wp","href":"https:\/\/api.w.org\/{rel}","templated":true}]}}