{"id":730,"date":"2022-11-28T10:57:55","date_gmt":"2022-11-28T10:57:55","guid":{"rendered":"https:\/\/cano.com.co\/nueva\/?page_id=730"},"modified":"2023-01-31T22:22:37","modified_gmt":"2023-01-31T22:22:37","slug":"andres-ramirez","status":"publish","type":"page","link":"https:\/\/cano.com.co\/nueva\/leadership\/andres-ramirez\/","title":{"rendered":"Andr\u00e9s Ramirez"},"content":{"rendered":"<div class=\"wpb-content-wrapper\"><p>[vc_row full_width=&#8221;stretch_row_content_no_spaces&#8221; disable_element=&#8221;yes&#8221;][vc_column][rev_slider_vc alias=&#8221;About_Personal_Slider&#8221;][\/vc_column][\/vc_row][vc_row css=&#8221;.vc_custom_1669632131693{margin-top: 80px !important;}&#8221;][vc_column width=&#8221;2\/3&#8243;][vc_column_text]<\/p>\n<h1>Andr\u00e9s Ram\u00edrez<\/h1>\n<h3>Director de Arte<\/h3>\n<p>[\/vc_column_text][vc_column_text]Con m\u00e1s de 15 a\u00f1os de experiencia en dise\u00f1o y comunicaci\u00f3n estrat\u00e9gica para empresas de diversos sectores del suroccidente Colombiano, Andr\u00e9s se ha destacado por enlazar su esp\u00edritu creativo con su vocaci\u00f3n hacia la investigaci\u00f3n, consolidando metodolog\u00edas de trabajo enfocadas a la creaci\u00f3n y la estrategia de marca.<\/p>\n<p>En Cano Agencia Creativa, m\u00e1s all\u00e1 de la direcci\u00f3n de arte, lidera los procesos de creaci\u00f3n de marca y aporta constantemente en innovaci\u00f3n y desarrollo de productos y servicios.<\/p>\n<p><b>Clientes<\/b> <b>Destacados<\/b><b>:<\/b><\/p>\n<p>Colombina, Universidad Javeriana Cali, ANDI, C\u00e1mara de Comercio de Cali, DirecTV, Alimentos Toning, Palmetto Plaza, Tecnoqu\u00edmicas, AFE Gym, LMT Centro Deportivo.[\/vc_column_text][\/vc_column][vc_column width=&#8221;1\/3&#8243;][vc_single_image image=&#8221;602&#8243; img_size=&#8221;full&#8221;][\/vc_column][\/vc_row]<\/p>\n<\/div>","protected":false},"excerpt":{"rendered":"<p>[vc_row full_width=&#8221;stretch_row_content_no_spaces&#8221; disable_element=&#8221;yes&#8221;][vc_column][rev_slider_vc alias=&#8221;About_Personal_Slider&#8221;][\/vc_column][\/vc_row][vc_row css=&#8221;.vc_custom_1669632131693{margin-top: 80px !important;}&#8221;][vc_column width=&#8221;2\/3&#8243;][vc_column_text] Andr\u00e9s Ram\u00edrez Director de Arte [\/vc_column_text][vc_column_text]Con m\u00e1s de 15 a\u00f1os de experiencia [&hellip;]<\/p>\n","protected":false},"author":3,"featured_media":0,"parent":16,"menu_order":0,"comment_status":"open","ping_status":"closed","template":"","meta":{"footnotes":""},"class_list":["post-730","page","type-page","status-publish","hentry"],"yoast_head":"<!-- This site is optimized with the Yoast SEO plugin v27.5 - https:\/\/yoast.com\/product\/yoast-seo-wordpress\/ -->\n<title>Andr\u00e9s Ramirez - Welcome<\/title>\n<meta name=\"robots\" content=\"index, follow, max-snippet:-1, max-image-preview:large, max-video-preview:-1\" \/>\n<link rel=\"canonical\" href=\"https:\/\/cano.com.co\/nueva\/leadership\/andres-ramirez\/\" \/>\n<meta property=\"og:locale\" content=\"es_ES\" \/>\n<meta property=\"og:type\" content=\"article\" \/>\n<meta property=\"og:title\" content=\"Andr\u00e9s Ramirez - Welcome\" \/>\n<meta property=\"og:description\" content=\"[vc_row full_width=&#8221;stretch_row_content_no_spaces&#8221; disable_element=&#8221;yes&#8221;][vc_column][rev_slider_vc alias=&#8221;About_Personal_Slider&#8221;][\/vc_column][\/vc_row][vc_row css=&#8221;.vc_custom_1669632131693{margin-top: 80px !important;}&#8221;][vc_column width=&#8221;2\/3&#8243;][vc_column_text] Andr\u00e9s Ram\u00edrez Director de Arte [\/vc_column_text][vc_column_text]Con m\u00e1s de 15 a\u00f1os de experiencia [&hellip;]\" \/>\n<meta property=\"og:url\" content=\"https:\/\/cano.com.co\/nueva\/leadership\/andres-ramirez\/\" \/>\n<meta property=\"og:site_name\" content=\"Welcome\" \/>\n<meta property=\"article:modified_time\" content=\"2023-01-31T22:22:37+00:00\" \/>\n<meta name=\"twitter:card\" content=\"summary_large_image\" \/>\n<meta name=\"twitter:label1\" content=\"Tiempo de lectura\" \/>\n\t<meta name=\"twitter:data1\" content=\"1 minuto\" \/>\n<script type=\"application\/ld+json\" class=\"yoast-schema-graph\">{\"@context\":\"https:\\\/\\\/schema.org\",\"@graph\":[{\"@type\":\"WebPage\",\"@id\":\"https:\\\/\\\/cano.com.co\\\/nueva\\\/leadership\\\/andres-ramirez\\\/\",\"url\":\"https:\\\/\\\/cano.com.co\\\/nueva\\\/leadership\\\/andres-ramirez\\\/\",\"name\":\"Andr\u00e9s Ramirez - Welcome\",\"isPartOf\":{\"@id\":\"http:\\\/\\\/cano.com.co\\\/nueva\\\/#website\"},\"datePublished\":\"2022-11-28T10:57:55+00:00\",\"dateModified\":\"2023-01-31T22:22:37+00:00\",\"breadcrumb\":{\"@id\":\"https:\\\/\\\/cano.com.co\\\/nueva\\\/leadership\\\/andres-ramirez\\\/#breadcrumb\"},\"inLanguage\":\"es-CO\",\"potentialAction\":[{\"@type\":\"ReadAction\",\"target\":[\"https:\\\/\\\/cano.com.co\\\/nueva\\\/leadership\\\/andres-ramirez\\\/\"]}]},{\"@type\":\"BreadcrumbList\",\"@id\":\"https:\\\/\\\/cano.com.co\\\/nueva\\\/leadership\\\/andres-ramirez\\\/#breadcrumb\",\"itemListElement\":[{\"@type\":\"ListItem\",\"position\":1,\"name\":\"Home\",\"item\":\"https:\\\/\\\/cano.com.co\\\/nueva\\\/\"},{\"@type\":\"ListItem\",\"position\":2,\"name\":\"Leadership\",\"item\":\"https:\\\/\\\/cano.com.co\\\/nueva\\\/leadership\\\/\"},{\"@type\":\"ListItem\",\"position\":3,\"name\":\"Andr\u00e9s Ramirez\"}]},{\"@type\":\"WebSite\",\"@id\":\"http:\\\/\\\/cano.com.co\\\/nueva\\\/#website\",\"url\":\"http:\\\/\\\/cano.com.co\\\/nueva\\\/\",\"name\":\"Welcome\",\"description\":\"\",\"potentialAction\":[{\"@type\":\"SearchAction\",\"target\":{\"@type\":\"EntryPoint\",\"urlTemplate\":\"http:\\\/\\\/cano.com.co\\\/nueva\\\/?s={search_term_string}\"},\"query-input\":{\"@type\":\"PropertyValueSpecification\",\"valueRequired\":true,\"valueName\":\"search_term_string\"}}],\"inLanguage\":\"es-CO\"}]}<\/script>\n<!-- \/ Yoast SEO plugin. -->","yoast_head_json":{"title":"Andr\u00e9s Ramirez - Welcome","robots":{"index":"index","follow":"follow","max-snippet":"max-snippet:-1","max-image-preview":"max-image-preview:large","max-video-preview":"max-video-preview:-1"},"canonical":"https:\/\/cano.com.co\/nueva\/leadership\/andres-ramirez\/","og_locale":"es_ES","og_type":"article","og_title":"Andr\u00e9s Ramirez - Welcome","og_description":"[vc_row full_width=&#8221;stretch_row_content_no_spaces&#8221; disable_element=&#8221;yes&#8221;][vc_column][rev_slider_vc alias=&#8221;About_Personal_Slider&#8221;][\/vc_column][\/vc_row][vc_row css=&#8221;.vc_custom_1669632131693{margin-top: 80px !important;}&#8221;][vc_column width=&#8221;2\/3&#8243;][vc_column_text] Andr\u00e9s Ram\u00edrez Director de Arte [\/vc_column_text][vc_column_text]Con m\u00e1s de 15 a\u00f1os de experiencia [&hellip;]","og_url":"https:\/\/cano.com.co\/nueva\/leadership\/andres-ramirez\/","og_site_name":"Welcome","article_modified_time":"2023-01-31T22:22:37+00:00","twitter_card":"summary_large_image","twitter_misc":{"Tiempo de lectura":"1 minuto"},"schema":{"@context":"https:\/\/schema.org","@graph":[{"@type":"WebPage","@id":"https:\/\/cano.com.co\/nueva\/leadership\/andres-ramirez\/","url":"https:\/\/cano.com.co\/nueva\/leadership\/andres-ramirez\/","name":"Andr\u00e9s Ramirez - Welcome","isPartOf":{"@id":"http:\/\/cano.com.co\/nueva\/#website"},"datePublished":"2022-11-28T10:57:55+00:00","dateModified":"2023-01-31T22:22:37+00:00","breadcrumb":{"@id":"https:\/\/cano.com.co\/nueva\/leadership\/andres-ramirez\/#breadcrumb"},"inLanguage":"es-CO","potentialAction":[{"@type":"ReadAction","target":["https:\/\/cano.com.co\/nueva\/leadership\/andres-ramirez\/"]}]},{"@type":"BreadcrumbList","@id":"https:\/\/cano.com.co\/nueva\/leadership\/andres-ramirez\/#breadcrumb","itemListElement":[{"@type":"ListItem","position":1,"name":"Home","item":"https:\/\/cano.com.co\/nueva\/"},{"@type":"ListItem","position":2,"name":"Leadership","item":"https:\/\/cano.com.co\/nueva\/leadership\/"},{"@type":"ListItem","position":3,"name":"Andr\u00e9s Ramirez"}]},{"@type":"WebSite","@id":"http:\/\/cano.com.co\/nueva\/#website","url":"http:\/\/cano.com.co\/nueva\/","name":"Welcome","description":"","potentialAction":[{"@type":"SearchAction","target":{"@type":"EntryPoint","urlTemplate":"http:\/\/cano.com.co\/nueva\/?s={search_term_string}"},"query-input":{"@type":"PropertyValueSpecification","valueRequired":true,"valueName":"search_term_string"}}],"inLanguage":"es-CO"}]}},"jetpack_sharing_enabled":true,"_links":{"self":[{"href":"https:\/\/cano.com.co\/nueva\/wp-json\/wp\/v2\/pages\/730","targetHints":{"allow":["GET"]}}],"collection":[{"href":"https:\/\/cano.com.co\/nueva\/wp-json\/wp\/v2\/pages"}],"about":[{"href":"https:\/\/cano.com.co\/nueva\/wp-json\/wp\/v2\/types\/page"}],"author":[{"embeddable":true,"href":"https:\/\/cano.com.co\/nueva\/wp-json\/wp\/v2\/users\/3"}],"replies":[{"embeddable":true,"href":"https:\/\/cano.com.co\/nueva\/wp-json\/wp\/v2\/comments?post=730"}],"version-history":[{"count":5,"href":"https:\/\/cano.com.co\/nueva\/wp-json\/wp\/v2\/pages\/730\/revisions"}],"predecessor-version":[{"id":756,"href":"https:\/\/cano.com.co\/nueva\/wp-json\/wp\/v2\/pages\/730\/revisions\/756"}],"up":[{"embeddable":true,"href":"https:\/\/cano.com.co\/nueva\/wp-json\/wp\/v2\/pages\/16"}],"wp:attachment":[{"href":"https:\/\/cano.com.co\/nueva\/wp-json\/wp\/v2\/media?parent=730"}],"curies":[{"name":"wp","href":"https:\/\/api.w.org\/{rel}","templated":true}]}}